{"id":1411,"date":"2022-09-20T08:17:04","date_gmt":"2022-09-20T08:17:04","guid":{"rendered":"https:\/\/abbisuites.com\/recollida-i-trasllats\/"},"modified":"2023-06-21T09:43:15","modified_gmt":"2023-06-21T09:43:15","slug":"recollida-i-trasllats","status":"publish","type":"page","link":"https:\/\/abbisuites.com\/va\/recollida-i-trasllats\/","title":{"rendered":"Recollida i trasllats"},"content":{"rendered":"<div class=\"wpb-content-wrapper\"><p>[vc_row css_animation=&#8221;&#8221; row_type=&#8221;row&#8221; use_row_as_full_screen_section=&#8221;no&#8221; type=&#8221;full_width&#8221; angled_section=&#8221;no&#8221; text_align=&#8221;left&#8221; background_image_as_pattern=&#8221;without_pattern&#8221; css=&#8221;.vc_custom_1672154541918{margin-top: -100px !important;background-color: #f8f1e3 !important;}&#8221; z_index=&#8221;&#8221;][vc_column][vc_empty_space height=&#8221;100px&#8221;][\/vc_column][\/vc_row][vc_row css_animation=&#8221;&#8221; row_type=&#8221;row&#8221; use_row_as_full_screen_section=&#8221;no&#8221; type=&#8221;grid&#8221; angled_section=&#8221;no&#8221; text_align=&#8221;left&#8221; background_image_as_pattern=&#8221;without_pattern&#8221; z_index=&#8221;&#8221; css=&#8221;.vc_custom_1672154538892{background-color: #f8f1e3 !important;}&#8221;][vc_column width=&#8221;1\/2&#8243;][vc_column_text]<\/p>\n<h3>On aparcar a Bocairent<\/h3>\n<p>[\/vc_column_text][vc_empty_space height=&#8221;30px&#8221;][\/vc_column][vc_column width=&#8221;1\/2&#8243;][vc_column_text]<\/p>\n<h2>El centre hist\u00f2ric de Bocairent es caracteritza per ser un entramat de carrers estrets, sinuosos i de dif\u00edcil acc\u00e9s amb cotxe. Per aix\u00f2, et proposem que en allotjar-te en Abbi Suites contactes amb el nostre equip per a sol\u00b7licitar el trasllat des de l&#8217;entrada del poble fins al nostre allotjament.<\/h2>\n<p>[\/vc_column_text][vc_empty_space height=&#8221;70px&#8221;][vc_column_text]Aparca c\u00f2modament a l&#8217;entrada del poble o pels voltants del barri antic, i et recollirem amb els nostres vehicles.[\/vc_column_text][\/vc_column][\/vc_row][vc_row css_animation=&#8221;&#8221; row_type=&#8221;row&#8221; use_row_as_full_screen_section=&#8221;no&#8221; type=&#8221;full_width&#8221; angled_section=&#8221;no&#8221; text_align=&#8221;left&#8221; background_image_as_pattern=&#8221;without_pattern&#8221; css=&#8221;.vc_custom_1672154450792{background-color: #f8f1e3 !important;}&#8221; z_index=&#8221;&#8221;][vc_column][vc_empty_space height=&#8221;100px&#8221;][\/vc_column][\/vc_row][vc_row css_animation=&#8221;&#8221; row_type=&#8221;row&#8221; use_row_as_full_screen_section=&#8221;no&#8221; type=&#8221;full_width&#8221; angled_section=&#8221;no&#8221; text_align=&#8221;left&#8221; background_image_as_pattern=&#8221;without_pattern&#8221; css=&#8221;.vc_custom_1672154455517{background-color: #f8f1e3 !important;}&#8221; z_index=&#8221;&#8221;][vc_column][vc_single_image image=&#8221;320&#8243; img_size=&#8221;full&#8221; qode_css_animation=&#8221;&#8221;][\/vc_column][\/vc_row][vc_row css_animation=&#8221;&#8221; row_type=&#8221;row&#8221; use_row_as_full_screen_section=&#8221;no&#8221; type=&#8221;full_width&#8221; angled_section=&#8221;no&#8221; text_align=&#8221;left&#8221; background_image_as_pattern=&#8221;without_pattern&#8221; css=&#8221;.vc_custom_1672154779341{background-color: #6d7c78 !important;}&#8221; z_index=&#8221;&#8221;][vc_column][vc_empty_space height=&#8221;100px&#8221;][\/vc_column][\/vc_row][vc_row css_animation=&#8221;&#8221; row_type=&#8221;row&#8221; use_row_as_full_screen_section=&#8221;no&#8221; type=&#8221;grid&#8221; angled_section=&#8221;no&#8221; text_align=&#8221;left&#8221; background_image_as_pattern=&#8221;without_pattern&#8221; z_index=&#8221;&#8221; css=&#8221;.vc_custom_1672154760182{background-color: #6d7c78 !important;}&#8221;][vc_column width=&#8221;1\/3&#8243;][vc_column_text]<\/p>\n<h3 style=\"color: #eedcb8;\">Com arribar a Bocairent<\/h3>\n<p>[\/vc_column_text][vc_empty_space height=&#8221;30px&#8221;][\/vc_column][vc_column width=&#8221;1\/3&#8243;][\/vc_column][vc_column width=&#8221;1\/3&#8243;][\/vc_column][\/vc_row][vc_row css_animation=&#8221;&#8221; row_type=&#8221;row&#8221; use_row_as_full_screen_section=&#8221;no&#8221; type=&#8221;grid&#8221; angled_section=&#8221;no&#8221; text_align=&#8221;left&#8221; background_image_as_pattern=&#8221;without_pattern&#8221; z_index=&#8221;&#8221; css=&#8221;.vc_custom_1672154765818{background-color: #6d7c78 !important;}&#8221;][vc_column width=&#8221;1\/2&#8243;][vc_single_image image=&#8221;332&#8243; img_size=&#8221;full&#8221; qode_css_animation=&#8221;&#8221;][vc_empty_space height=&#8221;30px&#8221;][\/vc_column][vc_column width=&#8221;1\/2&#8243;][vc_column_text]<\/p>\n<h4 style=\"color: #eedcb8;\">VAL\u00c8NCIA<\/h4>\n<p>[\/vc_column_text][vc_empty_space height=&#8221;10px&#8221;][vc_column_text]<span style=\"color: #eedcb8;\">Des de Val\u00e8ncia podr\u00e0s arribar a Bocairent amb cotxe en un trajecte que ronda 1 hora i 15 minuts. Si agafes l&#8217;A7 i segueixes les indicacions de Google Maps et resultar\u00e0 senzill.<\/span>[\/vc_column_text][vc_empty_space height=&#8221;10px&#8221;][vc_gmaps link=&#8221;#E-8_JTNDaWZyYW1lJTIwc3JjJTNEJTIyaHR0cHMlM0ElMkYlMkZ3d3cuZ29vZ2xlLmNvbSUyRm1hcHMlMkZlbWJlZCUzRnBiJTNEJTIxMW0yOCUyMTFtMTIlMjExbTMlMjExZDM5NjIzMy4yNDk4OTk5NzIxJTIxMmQtMC44MjAxODg5MjQ3MjcyMjk4JTIxM2QzOS4xMTYyMDczMjUwNDY5OSUyMTJtMyUyMTFmMCUyMTJmMCUyMTNmMCUyMTNtMiUyMTFpMTAyNCUyMTJpNzY4JTIxNGYxMy4xJTIxNG0xMyUyMTNlMCUyMTRtNSUyMTFzMHhkNjA0ZjRjZjBlZmIwNmYlMjUzQTB4YjRhMzUxMDExZjdmMWQzOSUyMTJzVmFsZW5jaWElMjEzbTIlMjExZDM5LjQ2OTkwNzUlMjEyZC0wLjM3NjI4ODA5OTk5OTk5OTk2JTIxNG01JTIxMXMweGQ2MTc4OTA1MGJjOWQ2MyUyNTNBMHhkMDc1NThiMWVkMGI1ZjI5JTIxMnNCb2NhaXJlbnQlMjEzbTIlMjExZDM4Ljc2NTMyNCUyMTJkLTAuNjEyMTI3JTIxNWUwJTIxM20yJTIxMXNlcyUyMTJzZXMlMjE0djE2NzIyMjcxNzA3OTAlMjE1bTIlMjExc2VzJTIxMnNlcyUyMiUyMHdpZHRoJTNEJTIyMTAwJTI1JTIyJTIwaGVpZ2h0JTNEJTIyMjAwJTIyJTIwc3R5bGUlM0QlMjJib3JkZXIlM0EwJTNCJTIyJTIwYWxsb3dmdWxsc2NyZWVuJTNEJTIyJTIyJTIwbG9hZGluZyUzRCUyMmxhenklMjIlMjByZWZlcnJlcnBvbGljeSUzRCUyMm5vLXJlZmVycmVyLXdoZW4tZG93bmdyYWRlJTIyJTNFJTNDJTJGaWZyYW1lJTNF&#8221;][vc_empty_space height=&#8221;30px&#8221;][vc_column_text]<\/p>\n<h4 style=\"color: #eedcb8;\">ALACANT<\/h4>\n<p>[\/vc_column_text][vc_empty_space height=&#8221;10px&#8221;][vc_column_text]<span style=\"color: #eedcb8;\">Des d&#8217;Alacant podr\u00e0s arribar des de rutes diferents, totes elles d&#8217;una duraci\u00f3 de poc m\u00e9s d&#8217;una hora. La m\u00e9s directa \u00e9s la que recorre l&#8217;A7.<\/span>[\/vc_column_text][vc_empty_space height=&#8221;10px&#8221;][vc_gmaps link=&#8221;#E-8_JTNDaWZyYW1lJTIwc3JjJTNEJTIyaHR0cHMlM0ElMkYlMkZ3d3cuZ29vZ2xlLmNvbSUyRm1hcHMlMkZlbWJlZCUzRnBiJTNEJTIxMW0yOCUyMTFtMTIlMjExbTMlMjExZDM5OTQwMS40NTUxNDYwMzIxJTIxMmQtMS4wMDYyMTYxMDg0NDA4NzIlMjEzZDM4LjU0OTM1MTMyNzkwOTQwNiUyMTJtMyUyMTFmMCUyMTJmMCUyMTNmMCUyMTNtMiUyMTFpMTAyNCUyMTJpNzY4JTIxNGYxMy4xJTIxNG0xMyUyMTNlMCUyMTRtNSUyMTFzMHhkNjIzNWRhM2I5ZGFiNGIlMjUzQTB4MWQ3ZGE4NzJhYzBiODFlMyUyMTJzQWxpY2FudGUlMjUyMCUyOEFsYWNhbnQlMjklMjUyQyUyNTIwQWxpY2FudGUlMjEzbTIlMjExZDM4LjM0NTk5NjI5OTk5OTk5NiUyMTJkLTAuNDkwNjg1NSUyMTRtNSUyMTFzMHhkNjE3ODkwNTBiYzlkNjMlMjUzQTB4ZDA3NTU4YjFlZDBiNWYyOSUyMTJzQm9jYWlyZW50JTIxM20yJTIxMWQzOC43NjUzMjQlMjEyZC0wLjYxMjEyNyUyMTVlMCUyMTNtMiUyMTFzZXMlMjEyc2VzJTIxNHYxNjcyMjI3MjgyOTA0JTIxNW0yJTIxMXNlcyUyMTJzZXMlMjIlMjB3aWR0aCUzRCUyMjEwMCUyNSUyMiUyMGhlaWdodCUzRCUyMjIwMCUyMiUyMHN0eWxlJTNEJTIyYm9yZGVyJTNBMCUzQiUyMiUyMGFsbG93ZnVsbHNjcmVlbiUzRCUyMiUyMiUyMGxvYWRpbmclM0QlMjJsYXp5JTIyJTIwcmVmZXJyZXJwb2xpY3klM0QlMjJuby1yZWZlcnJlci13aGVuLWRvd25ncmFkZSUyMiUzRSUzQyUyRmlmcmFtZSUzRQ==&#8221;][\/vc_column][\/vc_row][vc_row css_animation=&#8221;&#8221; row_type=&#8221;row&#8221; use_row_as_full_screen_section=&#8221;no&#8221; type=&#8221;full_width&#8221; angled_section=&#8221;no&#8221; text_align=&#8221;left&#8221; background_image_as_pattern=&#8221;without_pattern&#8221; css=&#8221;.vc_custom_1672154784122{background-color: #6d7c78 !important;}&#8221; z_index=&#8221;&#8221;][vc_column][vc_empty_space height=&#8221;100px&#8221;][\/vc_column][\/vc_row]<\/p>\n<\/div>","protected":false},"excerpt":{"rendered":"<p>[vc_row css_animation=&#8221;&#8221; row_type=&#8221;row&#8221; use_row_as_full_screen_section=&#8221;no&#8221; type=&#8221;full_width&#8221; angled_section=&#8221;no&#8221; text_align=&#8221;left&#8221; background_image_as_pattern=&#8221;without_pattern&#8221; css=&#8221;.vc_custom_1672154541918{margin-top: -100px !important;background-color: #f8f1e3 !important;}&#8221; z_index=&#8221;&#8221;][vc_column][vc_empty_space height=&#8221;100px&#8221;][\/vc_column][\/vc_row][vc_row css_animation=&#8221;&#8221; row_type=&#8221;row&#8221; use_row_as_full_screen_section=&#8221;no&#8221; type=&#8221;grid&#8221; angled_section=&#8221;no&#8221; text_align=&#8221;left&#8221; background_image_as_pattern=&#8221;without_pattern&#8221; z_index=&#8221;&#8221; css=&#8221;.vc_custom_1672154538892{background-color: #f8f1e3 !important;}&#8221;][vc_column width=&#8221;1\/2&#8243;][vc_column_text] On aparcar a Bocairent [\/vc_column_text][vc_empty_space height=&#8221;30px&#8221;][\/vc_column][vc_column width=&#8221;1\/2&#8243;][vc_column_text] El centre hist\u00f2ric de Bocairent es caracteritza per ser un entramat&#8230;<\/p>\n","protected":false},"author":1,"featured_media":0,"parent":0,"menu_order":0,"comment_status":"closed","ping_status":"closed","template":"full_width.php","meta":{"inline_featured_image":false,"footnotes":""},"class_list":["post-1411","page","type-page","status-publish","hentry"],"yoast_head":"<!-- This site is optimized with the Yoast SEO plugin v26.9 - https:\/\/yoast.com\/product\/yoast-seo-wordpress\/ -->\n<title>Recollida i trasllats - ABBI Suites<\/title>\n<meta name=\"robots\" content=\"index, follow, max-snippet:-1, max-image-preview:large, max-video-preview:-1\" \/>\n<link rel=\"canonical\" href=\"https:\/\/abbisuites.com\/va\/recollida-i-trasllats\/\" \/>\n<meta property=\"og:locale\" content=\"en_US\" \/>\n<meta property=\"og:type\" content=\"article\" \/>\n<meta property=\"og:title\" content=\"Recollida i trasllats - ABBI Suites\" \/>\n<meta property=\"og:description\" content=\"[vc_row css_animation=&#8221;&#8221; row_type=&#8221;row&#8221; use_row_as_full_screen_section=&#8221;no&#8221; type=&#8221;full_width&#8221; angled_section=&#8221;no&#8221; text_align=&#8221;left&#8221; background_image_as_pattern=&#8221;without_pattern&#8221; css=&#8221;.vc_custom_1672154541918{margin-top: -100px !important;background-color: #f8f1e3 !important;}&#8221; z_index=&#8221;&#8221;][vc_column][vc_empty_space height=&#8221;100px&#8221;][\/vc_column][\/vc_row][vc_row css_animation=&#8221;&#8221; row_type=&#8221;row&#8221; use_row_as_full_screen_section=&#8221;no&#8221; type=&#8221;grid&#8221; angled_section=&#8221;no&#8221; text_align=&#8221;left&#8221; background_image_as_pattern=&#8221;without_pattern&#8221; z_index=&#8221;&#8221; css=&#8221;.vc_custom_1672154538892{background-color: #f8f1e3 !important;}&#8221;][vc_column width=&#8221;1\/2&#8243;][vc_column_text] On aparcar a Bocairent [\/vc_column_text][vc_empty_space height=&#8221;30px&#8221;][\/vc_column][vc_column width=&#8221;1\/2&#8243;][vc_column_text] El centre hist\u00f2ric de Bocairent es caracteritza per ser un entramat...\" \/>\n<meta property=\"og:url\" content=\"https:\/\/abbisuites.com\/va\/recollida-i-trasllats\/\" \/>\n<meta property=\"og:site_name\" content=\"ABBI Suites\" \/>\n<meta property=\"article:publisher\" content=\"https:\/\/www.facebook.com\/people\/ABBI-SUITES\/100087783201756\/\" \/>\n<meta property=\"article:modified_time\" content=\"2023-06-21T09:43:15+00:00\" \/>\n<meta name=\"twitter:card\" content=\"summary_large_image\" \/>\n<meta name=\"twitter:label1\" content=\"Est. reading time\" \/>\n\t<meta name=\"twitter:data1\" content=\"4 minutes\" \/>\n<script type=\"application\/ld+json\" class=\"yoast-schema-graph\">{\"@context\":\"https:\/\/schema.org\",\"@graph\":[{\"@type\":\"WebPage\",\"@id\":\"https:\/\/abbisuites.com\/va\/recollida-i-trasllats\/\",\"url\":\"https:\/\/abbisuites.com\/va\/recollida-i-trasllats\/\",\"name\":\"Recollida i trasllats - ABBI Suites\",\"isPartOf\":{\"@id\":\"https:\/\/abbisuites.com\/#website\"},\"datePublished\":\"2022-09-20T08:17:04+00:00\",\"dateModified\":\"2023-06-21T09:43:15+00:00\",\"breadcrumb\":{\"@id\":\"https:\/\/abbisuites.com\/va\/recollida-i-trasllats\/#breadcrumb\"},\"inLanguage\":\"valenciano\",\"potentialAction\":[{\"@type\":\"ReadAction\",\"target\":[\"https:\/\/abbisuites.com\/va\/recollida-i-trasllats\/\"]}]},{\"@type\":\"BreadcrumbList\",\"@id\":\"https:\/\/abbisuites.com\/va\/recollida-i-trasllats\/#breadcrumb\",\"itemListElement\":[{\"@type\":\"ListItem\",\"position\":1,\"name\":\"Portada\",\"item\":\"https:\/\/abbisuites.com\/va\/abbi-suites\/\"},{\"@type\":\"ListItem\",\"position\":2,\"name\":\"Recollida i trasllats\"}]},{\"@type\":\"WebSite\",\"@id\":\"https:\/\/abbisuites.com\/#website\",\"url\":\"https:\/\/abbisuites.com\/\",\"name\":\"ABBI Suites\",\"description\":\"\",\"publisher\":{\"@id\":\"https:\/\/abbisuites.com\/#organization\"},\"potentialAction\":[{\"@type\":\"SearchAction\",\"target\":{\"@type\":\"EntryPoint\",\"urlTemplate\":\"https:\/\/abbisuites.com\/?s={search_term_string}\"},\"query-input\":{\"@type\":\"PropertyValueSpecification\",\"valueRequired\":true,\"valueName\":\"search_term_string\"}}],\"inLanguage\":\"valenciano\"},{\"@type\":\"Organization\",\"@id\":\"https:\/\/abbisuites.com\/#organization\",\"name\":\"ABBI Suites\",\"url\":\"https:\/\/abbisuites.com\/\",\"logo\":{\"@type\":\"ImageObject\",\"inLanguage\":\"valenciano\",\"@id\":\"https:\/\/abbisuites.com\/#\/schema\/logo\/image\/\",\"url\":\"https:\/\/abbisuites.com\/wp-content\/uploads\/2023\/01\/LogoAbbi.svg\",\"contentUrl\":\"https:\/\/abbisuites.com\/wp-content\/uploads\/2023\/01\/LogoAbbi.svg\",\"width\":1,\"height\":1,\"caption\":\"ABBI Suites\"},\"image\":{\"@id\":\"https:\/\/abbisuites.com\/#\/schema\/logo\/image\/\"},\"sameAs\":[\"https:\/\/www.facebook.com\/people\/ABBI-SUITES\/100087783201756\/\",\"https:\/\/www.instagram.com\/abbisuites\/\"]}]}<\/script>\n<!-- \/ Yoast SEO plugin. -->","yoast_head_json":{"title":"Recollida i trasllats - ABBI Suites","robots":{"index":"index","follow":"follow","max-snippet":"max-snippet:-1","max-image-preview":"max-image-preview:large","max-video-preview":"max-video-preview:-1"},"canonical":"https:\/\/abbisuites.com\/va\/recollida-i-trasllats\/","og_locale":"en_US","og_type":"article","og_title":"Recollida i trasllats - ABBI Suites","og_description":"[vc_row css_animation=&#8221;&#8221; row_type=&#8221;row&#8221; use_row_as_full_screen_section=&#8221;no&#8221; type=&#8221;full_width&#8221; angled_section=&#8221;no&#8221; text_align=&#8221;left&#8221; background_image_as_pattern=&#8221;without_pattern&#8221; css=&#8221;.vc_custom_1672154541918{margin-top: -100px !important;background-color: #f8f1e3 !important;}&#8221; z_index=&#8221;&#8221;][vc_column][vc_empty_space height=&#8221;100px&#8221;][\/vc_column][\/vc_row][vc_row css_animation=&#8221;&#8221; row_type=&#8221;row&#8221; use_row_as_full_screen_section=&#8221;no&#8221; type=&#8221;grid&#8221; angled_section=&#8221;no&#8221; text_align=&#8221;left&#8221; background_image_as_pattern=&#8221;without_pattern&#8221; z_index=&#8221;&#8221; css=&#8221;.vc_custom_1672154538892{background-color: #f8f1e3 !important;}&#8221;][vc_column width=&#8221;1\/2&#8243;][vc_column_text] On aparcar a Bocairent [\/vc_column_text][vc_empty_space height=&#8221;30px&#8221;][\/vc_column][vc_column width=&#8221;1\/2&#8243;][vc_column_text] El centre hist\u00f2ric de Bocairent es caracteritza per ser un entramat...","og_url":"https:\/\/abbisuites.com\/va\/recollida-i-trasllats\/","og_site_name":"ABBI Suites","article_publisher":"https:\/\/www.facebook.com\/people\/ABBI-SUITES\/100087783201756\/","article_modified_time":"2023-06-21T09:43:15+00:00","twitter_card":"summary_large_image","twitter_misc":{"Est. reading time":"4 minutes"},"schema":{"@context":"https:\/\/schema.org","@graph":[{"@type":"WebPage","@id":"https:\/\/abbisuites.com\/va\/recollida-i-trasllats\/","url":"https:\/\/abbisuites.com\/va\/recollida-i-trasllats\/","name":"Recollida i trasllats - ABBI Suites","isPartOf":{"@id":"https:\/\/abbisuites.com\/#website"},"datePublished":"2022-09-20T08:17:04+00:00","dateModified":"2023-06-21T09:43:15+00:00","breadcrumb":{"@id":"https:\/\/abbisuites.com\/va\/recollida-i-trasllats\/#breadcrumb"},"inLanguage":"valenciano","potentialAction":[{"@type":"ReadAction","target":["https:\/\/abbisuites.com\/va\/recollida-i-trasllats\/"]}]},{"@type":"BreadcrumbList","@id":"https:\/\/abbisuites.com\/va\/recollida-i-trasllats\/#breadcrumb","itemListElement":[{"@type":"ListItem","position":1,"name":"Portada","item":"https:\/\/abbisuites.com\/va\/abbi-suites\/"},{"@type":"ListItem","position":2,"name":"Recollida i trasllats"}]},{"@type":"WebSite","@id":"https:\/\/abbisuites.com\/#website","url":"https:\/\/abbisuites.com\/","name":"ABBI Suites","description":"","publisher":{"@id":"https:\/\/abbisuites.com\/#organization"},"potentialAction":[{"@type":"SearchAction","target":{"@type":"EntryPoint","urlTemplate":"https:\/\/abbisuites.com\/?s={search_term_string}"},"query-input":{"@type":"PropertyValueSpecification","valueRequired":true,"valueName":"search_term_string"}}],"inLanguage":"valenciano"},{"@type":"Organization","@id":"https:\/\/abbisuites.com\/#organization","name":"ABBI Suites","url":"https:\/\/abbisuites.com\/","logo":{"@type":"ImageObject","inLanguage":"valenciano","@id":"https:\/\/abbisuites.com\/#\/schema\/logo\/image\/","url":"https:\/\/abbisuites.com\/wp-content\/uploads\/2023\/01\/LogoAbbi.svg","contentUrl":"https:\/\/abbisuites.com\/wp-content\/uploads\/2023\/01\/LogoAbbi.svg","width":1,"height":1,"caption":"ABBI Suites"},"image":{"@id":"https:\/\/abbisuites.com\/#\/schema\/logo\/image\/"},"sameAs":["https:\/\/www.facebook.com\/people\/ABBI-SUITES\/100087783201756\/","https:\/\/www.instagram.com\/abbisuites\/"]}]}},"_links":{"self":[{"href":"https:\/\/abbisuites.com\/va\/wp-json\/wp\/v2\/pages\/1411","targetHints":{"allow":["GET"]}}],"collection":[{"href":"https:\/\/abbisuites.com\/va\/wp-json\/wp\/v2\/pages"}],"about":[{"href":"https:\/\/abbisuites.com\/va\/wp-json\/wp\/v2\/types\/page"}],"author":[{"embeddable":true,"href":"https:\/\/abbisuites.com\/va\/wp-json\/wp\/v2\/users\/1"}],"replies":[{"embeddable":true,"href":"https:\/\/abbisuites.com\/va\/wp-json\/wp\/v2\/comments?post=1411"}],"version-history":[{"count":2,"href":"https:\/\/abbisuites.com\/va\/wp-json\/wp\/v2\/pages\/1411\/revisions"}],"predecessor-version":[{"id":1413,"href":"https:\/\/abbisuites.com\/va\/wp-json\/wp\/v2\/pages\/1411\/revisions\/1413"}],"wp:attachment":[{"href":"https:\/\/abbisuites.com\/va\/wp-json\/wp\/v2\/media?parent=1411"}],"curies":[{"name":"wp","href":"https:\/\/api.w.org\/{rel}","templated":true}]}}