{"id":1417,"date":"2022-09-20T11:13:31","date_gmt":"2022-09-20T11:13:31","guid":{"rendered":"https:\/\/abbisuites.com\/massatges\/"},"modified":"2025-08-21T17:42:03","modified_gmt":"2025-08-21T17:42:03","slug":"massatges","status":"publish","type":"page","link":"https:\/\/abbisuites.com\/va\/massatges\/","title":{"rendered":"Massatges"},"content":{"rendered":"<div class=\"wpb-content-wrapper\"><p>[vc_row css_animation=&#8221;&#8221; row_type=&#8221;row&#8221; use_row_as_full_screen_section=&#8221;no&#8221; type=&#8221;full_width&#8221; angled_section=&#8221;no&#8221; text_align=&#8221;left&#8221; background_image_as_pattern=&#8221;without_pattern&#8221; css=&#8221;.vc_custom_1696593509420{margin-top: -100px !important;background-color: #697d78 !important;background-position: 0 0 !important;background-repeat: no-repeat !important;}&#8221; z_index=&#8221;&#8221; el_class=&#8221;columnaFondo&#8221;][vc_column width=&#8221;1\/2&#8243; css=&#8221;.vc_custom_1696593559422{padding-top: 350px !important;padding-bottom: 500px !important;background-image: url(https:\/\/abbisuites.com\/wp-content\/uploads\/2023\/10\/WhatsApp-Image-2023-10-05-at-12.40.47.jpeg?id=1763) !important;background-position: center !important;background-repeat: no-repeat !important;background-size: cover !important;}&#8221;][\/vc_column][vc_column width=&#8221;1\/2&#8243;][vc_row_inner row_type=&#8221;row&#8221; type=&#8221;full_width&#8221; text_align=&#8221;left&#8221; css_animation=&#8221;&#8221; el_class=&#8221;fullwidthmovil&#8221;][vc_column_inner width=&#8221;1\/12&#8243;][\/vc_column_inner][vc_column_inner width=&#8221;10\/12&#8243;][vc_empty_space height=&#8221;50px&#8221;][vc_column_text]<\/p>\n<h1><span style=\"color: #eedcb8;\">Casa rural amb servei de massatges<\/span><\/h1>\n<p>[\/vc_column_text][vc_empty_space height=&#8221;80px&#8221;][vc_column_text]<\/p>\n<h2 style=\"text-align: center;\"><span style=\"color: #eedcb8;\">Un massatge \u00e9s una de les millors maneres de relaxar-se i desestressar-se. No nom\u00e9s et senta b\u00e9, sin\u00f3 que a m\u00e9s t\u00e9 beneficis per a la teva salut f\u00edsica i mental. \u00c9s per aix\u00f2 que posem a la teva disposici\u00f3 una <strong>Experi\u00e8ncia Wellness<\/strong> amb dos tipus de massatges, relaxant o descontracturant, que podr\u00e0s gaudir de manera individual o en parella, a la teva habitaci\u00f3 o a la nostra Wellness Room.<\/span><\/h2>\n<h2 style=\"text-align: center;\"><span style=\"color: #eedcb8;\"><strong><em>Reserva ara la teua<\/em> Experi\u00e8ncia Wellness i d\u00f3na\u2019t un luxe, est\u00e0s a un massatge de sentir-te molt millor.<\/strong><\/span><\/h2>\n<p>[\/vc_column_text][vc_empty_space height=&#8221;50px&#8221;][vc_column_text]<span style=\"color: #eedcb8;\"><strong>MASSATGE RELAXANT (50 MIN.) 65\u20ac<\/strong><br \/>\nMassatge relaxant i sensitiu, a for\u00e7a de moviments suaus i harm\u00f2nics que ajuden a alleujar tensions musculars i millorar la circulaci\u00f3, proporcionant al nostre cos i ment un estat profund de benestar i relaxaci\u00f3. Aquest massatge us ajudar\u00e0 a alliberar-vos de l\u2019estr\u00e8s i l\u2019ansietat i millorar\u00e0 el vostre estat d\u2019\u00e0nim. Aquest massatge us ajudar\u00e0 a alliberar-vos de l\u2019estr\u00e8s i l\u2019ansietat i millorar\u00e0 el vostre estat d\u2019\u00e0nim. <\/span><\/p>\n<p><strong><span style=\"color: #eedcb8;\">MASSATGE DESCONTRACTURANT (50 MIN.) 65\u20ac<\/span><\/strong><br \/>\n<span style=\"color: #eedcb8;\">Massatge profund de pressi\u00f3 mitjana-alta, combinat amb moviments suaus que ajuden a alliberar bloquejos f\u00edsics-energ\u00e8tics i toxines a m\u00e9s d\u2019oxigenar els m\u00fasculs per relaxar i alleujar dolors musculars, migranyes, contractures i fatigues causades pel tr\u00e0fec i l\u2019estr\u00e8s de la vida quotidiana . <\/span><\/p>\n<a  itemprop=\"url\" href=\"https:\/\/abbisuites.com\/contacto\/\" target=\"_self\"  class=\"qbutton  small default\" style=\"\">contacte<\/a>\n<p><em><span style=\"color: #eedcb8;\">\u2013 Servei sota demanda i subjecte a disponibilitat \u2013<\/p>\n<p><\/span><\/em>[\/vc_column_text][vc_empty_space height=&#8221;50px&#8221;][\/vc_column_inner][vc_column_inner width=&#8221;1\/12&#8243;][\/vc_column_inner][\/vc_row_inner][vc_row_inner row_type=&#8221;row&#8221; type=&#8221;full_width&#8221; text_align=&#8221;left&#8221; css_animation=&#8221;&#8221;][vc_column_inner offset=&#8221;vc_hidden-lg vc_hidden-md vc_hidden-sm&#8221;][vc_empty_space height=&#8221;30px&#8221;][\/vc_column_inner][\/vc_row_inner][\/vc_column][\/vc_row]<\/p>\n<\/div>","protected":false},"excerpt":{"rendered":"<p>[vc_row css_animation=&#8221;&#8221; row_type=&#8221;row&#8221; use_row_as_full_screen_section=&#8221;no&#8221; type=&#8221;full_width&#8221; angled_section=&#8221;no&#8221; text_align=&#8221;left&#8221; background_image_as_pattern=&#8221;without_pattern&#8221; css=&#8221;.vc_custom_1696593509420{margin-top: -100px !important;background-color: #697d78 !important;background-position: 0 0 !important;background-repeat: no-repeat !important;}&#8221; z_index=&#8221;&#8221; el_class=&#8221;columnaFondo&#8221;][vc_column width=&#8221;1\/2&#8243; css=&#8221;.vc_custom_1696593559422{padding-top: 350px !important;padding-bottom: 500px !important;background-image: url(https:\/\/abbisuites.com\/wp-content\/uploads\/2023\/10\/WhatsApp-Image-2023-10-05-at-12.40.47.jpeg?id=1763) !important;background-position: center !important;background-repeat: no-repeat !important;background-size: cover !important;}&#8221;][\/vc_column][vc_column width=&#8221;1\/2&#8243;][vc_row_inner row_type=&#8221;row&#8221; type=&#8221;full_width&#8221; text_align=&#8221;left&#8221; css_animation=&#8221;&#8221; el_class=&#8221;fullwidthmovil&#8221;][vc_column_inner width=&#8221;1\/12&#8243;][\/vc_column_inner][vc_column_inner width=&#8221;10\/12&#8243;][vc_empty_space height=&#8221;50px&#8221;][vc_column_text] Casa rural&#8230;<\/p>\n","protected":false},"author":1,"featured_media":0,"parent":0,"menu_order":0,"comment_status":"closed","ping_status":"closed","template":"full_width.php","meta":{"inline_featured_image":false,"footnotes":""},"class_list":["post-1417","page","type-page","status-publish","hentry"],"yoast_head":"<!-- This site is optimized with the Yoast SEO plugin v26.9 - https:\/\/yoast.com\/product\/yoast-seo-wordpress\/ -->\n<title>Massatges - ABBI Suites<\/title>\n<meta name=\"robots\" content=\"index, follow, max-snippet:-1, max-image-preview:large, max-video-preview:-1\" \/>\n<link rel=\"canonical\" href=\"https:\/\/abbisuites.com\/va\/massatges\/\" \/>\n<meta property=\"og:locale\" content=\"en_US\" \/>\n<meta property=\"og:type\" content=\"article\" \/>\n<meta property=\"og:title\" content=\"Massatges - ABBI Suites\" \/>\n<meta property=\"og:description\" content=\"[vc_row css_animation=&#8221;&#8221; row_type=&#8221;row&#8221; use_row_as_full_screen_section=&#8221;no&#8221; type=&#8221;full_width&#8221; angled_section=&#8221;no&#8221; text_align=&#8221;left&#8221; background_image_as_pattern=&#8221;without_pattern&#8221; css=&#8221;.vc_custom_1696593509420{margin-top: -100px !important;background-color: #697d78 !important;background-position: 0 0 !important;background-repeat: no-repeat !important;}&#8221; z_index=&#8221;&#8221; el_class=&#8221;columnaFondo&#8221;][vc_column width=&#8221;1\/2&#8243; css=&#8221;.vc_custom_1696593559422{padding-top: 350px !important;padding-bottom: 500px !important;background-image: url(https:\/\/abbisuites.com\/wp-content\/uploads\/2023\/10\/WhatsApp-Image-2023-10-05-at-12.40.47.jpeg?id=1763) !important;background-position: center !important;background-repeat: no-repeat !important;background-size: cover !important;}&#8221;][\/vc_column][vc_column width=&#8221;1\/2&#8243;][vc_row_inner row_type=&#8221;row&#8221; type=&#8221;full_width&#8221; text_align=&#8221;left&#8221; css_animation=&#8221;&#8221; el_class=&#8221;fullwidthmovil&#8221;][vc_column_inner width=&#8221;1\/12&#8243;][\/vc_column_inner][vc_column_inner width=&#8221;10\/12&#8243;][vc_empty_space height=&#8221;50px&#8221;][vc_column_text] Casa rural...\" \/>\n<meta property=\"og:url\" content=\"https:\/\/abbisuites.com\/va\/massatges\/\" \/>\n<meta property=\"og:site_name\" content=\"ABBI Suites\" \/>\n<meta property=\"article:publisher\" content=\"https:\/\/www.facebook.com\/people\/ABBI-SUITES\/100087783201756\/\" \/>\n<meta property=\"article:modified_time\" content=\"2025-08-21T17:42:03+00:00\" \/>\n<meta name=\"twitter:card\" content=\"summary_large_image\" \/>\n<meta name=\"twitter:label1\" content=\"Est. reading time\" \/>\n\t<meta name=\"twitter:data1\" content=\"2 minutes\" \/>\n<script type=\"application\/ld+json\" class=\"yoast-schema-graph\">{\"@context\":\"https:\/\/schema.org\",\"@graph\":[{\"@type\":\"WebPage\",\"@id\":\"https:\/\/abbisuites.com\/va\/massatges\/\",\"url\":\"https:\/\/abbisuites.com\/va\/massatges\/\",\"name\":\"Massatges - ABBI Suites\",\"isPartOf\":{\"@id\":\"https:\/\/abbisuites.com\/#website\"},\"datePublished\":\"2022-09-20T11:13:31+00:00\",\"dateModified\":\"2025-08-21T17:42:03+00:00\",\"breadcrumb\":{\"@id\":\"https:\/\/abbisuites.com\/va\/massatges\/#breadcrumb\"},\"inLanguage\":\"valenciano\",\"potentialAction\":[{\"@type\":\"ReadAction\",\"target\":[\"https:\/\/abbisuites.com\/va\/massatges\/\"]}]},{\"@type\":\"BreadcrumbList\",\"@id\":\"https:\/\/abbisuites.com\/va\/massatges\/#breadcrumb\",\"itemListElement\":[{\"@type\":\"ListItem\",\"position\":1,\"name\":\"Portada\",\"item\":\"https:\/\/abbisuites.com\/va\/abbi-suites\/\"},{\"@type\":\"ListItem\",\"position\":2,\"name\":\"Massatges\"}]},{\"@type\":\"WebSite\",\"@id\":\"https:\/\/abbisuites.com\/#website\",\"url\":\"https:\/\/abbisuites.com\/\",\"name\":\"ABBI Suites\",\"description\":\"\",\"publisher\":{\"@id\":\"https:\/\/abbisuites.com\/#organization\"},\"potentialAction\":[{\"@type\":\"SearchAction\",\"target\":{\"@type\":\"EntryPoint\",\"urlTemplate\":\"https:\/\/abbisuites.com\/?s={search_term_string}\"},\"query-input\":{\"@type\":\"PropertyValueSpecification\",\"valueRequired\":true,\"valueName\":\"search_term_string\"}}],\"inLanguage\":\"valenciano\"},{\"@type\":\"Organization\",\"@id\":\"https:\/\/abbisuites.com\/#organization\",\"name\":\"ABBI Suites\",\"url\":\"https:\/\/abbisuites.com\/\",\"logo\":{\"@type\":\"ImageObject\",\"inLanguage\":\"valenciano\",\"@id\":\"https:\/\/abbisuites.com\/#\/schema\/logo\/image\/\",\"url\":\"https:\/\/abbisuites.com\/wp-content\/uploads\/2023\/01\/LogoAbbi.svg\",\"contentUrl\":\"https:\/\/abbisuites.com\/wp-content\/uploads\/2023\/01\/LogoAbbi.svg\",\"width\":1,\"height\":1,\"caption\":\"ABBI Suites\"},\"image\":{\"@id\":\"https:\/\/abbisuites.com\/#\/schema\/logo\/image\/\"},\"sameAs\":[\"https:\/\/www.facebook.com\/people\/ABBI-SUITES\/100087783201756\/\",\"https:\/\/www.instagram.com\/abbisuites\/\"]}]}<\/script>\n<!-- \/ Yoast SEO plugin. -->","yoast_head_json":{"title":"Massatges - ABBI Suites","robots":{"index":"index","follow":"follow","max-snippet":"max-snippet:-1","max-image-preview":"max-image-preview:large","max-video-preview":"max-video-preview:-1"},"canonical":"https:\/\/abbisuites.com\/va\/massatges\/","og_locale":"en_US","og_type":"article","og_title":"Massatges - ABBI Suites","og_description":"[vc_row css_animation=&#8221;&#8221; row_type=&#8221;row&#8221; use_row_as_full_screen_section=&#8221;no&#8221; type=&#8221;full_width&#8221; angled_section=&#8221;no&#8221; text_align=&#8221;left&#8221; background_image_as_pattern=&#8221;without_pattern&#8221; css=&#8221;.vc_custom_1696593509420{margin-top: -100px !important;background-color: #697d78 !important;background-position: 0 0 !important;background-repeat: no-repeat !important;}&#8221; z_index=&#8221;&#8221; el_class=&#8221;columnaFondo&#8221;][vc_column width=&#8221;1\/2&#8243; css=&#8221;.vc_custom_1696593559422{padding-top: 350px !important;padding-bottom: 500px !important;background-image: url(https:\/\/abbisuites.com\/wp-content\/uploads\/2023\/10\/WhatsApp-Image-2023-10-05-at-12.40.47.jpeg?id=1763) !important;background-position: center !important;background-repeat: no-repeat !important;background-size: cover !important;}&#8221;][\/vc_column][vc_column width=&#8221;1\/2&#8243;][vc_row_inner row_type=&#8221;row&#8221; type=&#8221;full_width&#8221; text_align=&#8221;left&#8221; css_animation=&#8221;&#8221; el_class=&#8221;fullwidthmovil&#8221;][vc_column_inner width=&#8221;1\/12&#8243;][\/vc_column_inner][vc_column_inner width=&#8221;10\/12&#8243;][vc_empty_space height=&#8221;50px&#8221;][vc_column_text] Casa rural...","og_url":"https:\/\/abbisuites.com\/va\/massatges\/","og_site_name":"ABBI Suites","article_publisher":"https:\/\/www.facebook.com\/people\/ABBI-SUITES\/100087783201756\/","article_modified_time":"2025-08-21T17:42:03+00:00","twitter_card":"summary_large_image","twitter_misc":{"Est. reading time":"2 minutes"},"schema":{"@context":"https:\/\/schema.org","@graph":[{"@type":"WebPage","@id":"https:\/\/abbisuites.com\/va\/massatges\/","url":"https:\/\/abbisuites.com\/va\/massatges\/","name":"Massatges - ABBI Suites","isPartOf":{"@id":"https:\/\/abbisuites.com\/#website"},"datePublished":"2022-09-20T11:13:31+00:00","dateModified":"2025-08-21T17:42:03+00:00","breadcrumb":{"@id":"https:\/\/abbisuites.com\/va\/massatges\/#breadcrumb"},"inLanguage":"valenciano","potentialAction":[{"@type":"ReadAction","target":["https:\/\/abbisuites.com\/va\/massatges\/"]}]},{"@type":"BreadcrumbList","@id":"https:\/\/abbisuites.com\/va\/massatges\/#breadcrumb","itemListElement":[{"@type":"ListItem","position":1,"name":"Portada","item":"https:\/\/abbisuites.com\/va\/abbi-suites\/"},{"@type":"ListItem","position":2,"name":"Massatges"}]},{"@type":"WebSite","@id":"https:\/\/abbisuites.com\/#website","url":"https:\/\/abbisuites.com\/","name":"ABBI Suites","description":"","publisher":{"@id":"https:\/\/abbisuites.com\/#organization"},"potentialAction":[{"@type":"SearchAction","target":{"@type":"EntryPoint","urlTemplate":"https:\/\/abbisuites.com\/?s={search_term_string}"},"query-input":{"@type":"PropertyValueSpecification","valueRequired":true,"valueName":"search_term_string"}}],"inLanguage":"valenciano"},{"@type":"Organization","@id":"https:\/\/abbisuites.com\/#organization","name":"ABBI Suites","url":"https:\/\/abbisuites.com\/","logo":{"@type":"ImageObject","inLanguage":"valenciano","@id":"https:\/\/abbisuites.com\/#\/schema\/logo\/image\/","url":"https:\/\/abbisuites.com\/wp-content\/uploads\/2023\/01\/LogoAbbi.svg","contentUrl":"https:\/\/abbisuites.com\/wp-content\/uploads\/2023\/01\/LogoAbbi.svg","width":1,"height":1,"caption":"ABBI Suites"},"image":{"@id":"https:\/\/abbisuites.com\/#\/schema\/logo\/image\/"},"sameAs":["https:\/\/www.facebook.com\/people\/ABBI-SUITES\/100087783201756\/","https:\/\/www.instagram.com\/abbisuites\/"]}]}},"_links":{"self":[{"href":"https:\/\/abbisuites.com\/va\/wp-json\/wp\/v2\/pages\/1417","targetHints":{"allow":["GET"]}}],"collection":[{"href":"https:\/\/abbisuites.com\/va\/wp-json\/wp\/v2\/pages"}],"about":[{"href":"https:\/\/abbisuites.com\/va\/wp-json\/wp\/v2\/types\/page"}],"author":[{"embeddable":true,"href":"https:\/\/abbisuites.com\/va\/wp-json\/wp\/v2\/users\/1"}],"replies":[{"embeddable":true,"href":"https:\/\/abbisuites.com\/va\/wp-json\/wp\/v2\/comments?post=1417"}],"version-history":[{"count":15,"href":"https:\/\/abbisuites.com\/va\/wp-json\/wp\/v2\/pages\/1417\/revisions"}],"predecessor-version":[{"id":2206,"href":"https:\/\/abbisuites.com\/va\/wp-json\/wp\/v2\/pages\/1417\/revisions\/2206"}],"wp:attachment":[{"href":"https:\/\/abbisuites.com\/va\/wp-json\/wp\/v2\/media?parent=1417"}],"curies":[{"name":"wp","href":"https:\/\/api.w.org\/{rel}","templated":true}]}}