{"id":1429,"date":"2022-09-20T10:32:12","date_gmt":"2022-09-20T10:32:12","guid":{"rendered":"https:\/\/abbisuites.com\/barri-antic\/"},"modified":"2023-10-05T12:11:45","modified_gmt":"2023-10-05T12:11:45","slug":"barri-antic","status":"publish","type":"page","link":"https:\/\/abbisuites.com\/va\/experiencies\/barri-antic\/","title":{"rendered":"Barri antic"},"content":{"rendered":"<div class=\"wpb-content-wrapper\"><p>[vc_row css_animation=&#8221;&#8221; row_type=&#8221;row&#8221; use_row_as_full_screen_section=&#8221;no&#8221; type=&#8221;full_width&#8221; angled_section=&#8221;no&#8221; text_align=&#8221;left&#8221; background_image_as_pattern=&#8221;without_pattern&#8221; css=&#8221;.vc_custom_1672405423717{margin-top: -100px !important;background: #697d78 url(https:\/\/abbisuites.com\/wp-content\/uploads\/2022\/12\/fondo-1.png?id=391) !important;background-position: 0 0 !important;background-repeat: no-repeat !important;}&#8221; z_index=&#8221;&#8221; el_class=&#8221;columnaFondo&#8221;][vc_column width=&#8221;1\/2&#8243; css=&#8221;.vc_custom_1673519509740{padding-top: 500px !important;padding-bottom: 500px !important;background-image: url(https:\/\/abbisuites.com\/wp-content\/uploads\/2023\/01\/Hotel-Casco-Antiguo.jpg?id=806) !important;background-position: center !important;background-repeat: no-repeat !important;background-size: cover !important;}&#8221;][\/vc_column][vc_column width=&#8221;1\/2&#8243;][vc_row_inner row_type=&#8221;row&#8221; type=&#8221;full_width&#8221; text_align=&#8221;left&#8221; css_animation=&#8221;&#8221; el_class=&#8221;fullwidthmovil&#8221;][vc_column_inner width=&#8221;1\/12&#8243;][\/vc_column_inner][vc_column_inner width=&#8221;10\/12&#8243;][vc_empty_space height=&#8221;50px&#8221;][vc_column_text]<\/p>\n<h1><span style=\"color: #eedcb8;\">Entre els pobles m\u00e9s bonics d&#8217;Espanya<\/span><\/h1>\n<p>[\/vc_column_text][vc_empty_space height=&#8221;80px&#8221;][vc_column_text]<\/p>\n<h2><span style=\"color: #eedcb8;\">S\u00ed, has llegit b\u00e9. Bocairent est\u00e0 distingit entre els pobles m\u00e9s bonics d&#8217;Espanya. Si has vist alguna imatge del barri antic no \u00e9s dif\u00edcil entendre per qu\u00e8. Aquest poble medieval de Val\u00e8ncia sembla un escenari de conte.<\/span><\/h2>\n<p>[\/vc_column_text][vc_empty_space height=&#8221;80px&#8221;][vc_column_text]<span style=\"color: #eedcb8;\">Les seues construccions en pedra, la seua situaci\u00f3 geogr\u00e0fica elevada i la proximitat de la Serra Mariola el doten d&#8217;un ambient absolutament m\u00e0gic. <\/span><span style=\"color: #eedcb8;\">Si busques un poble amb encant, on les tradicions, els costums i la gastronomia han sobreviscut al ritme fren\u00e8tic de les ciutats, aquesta \u00e9s la teua destinaci\u00f3. <\/span><span style=\"color: #eedcb8;\">Passejar pels carrers sinuosos de pedra guarnits amb flors i fonts \u00e9s un viatge al passat. <\/span><\/p>\n<p><span style=\"color: #eedcb8;\">Si voleu visitar Bocairent de la m\u00e0 d&#8217;un local, <a href=\"https:\/\/abbisuites.com\/va\/visita-bocairent-i-el-seu-barri-medieval-de-ma-dun-local\/\">llegiu aquest article<\/a> i acompanyeu-me a descobrir el que Bocairent i el seu barri medieval poden oferir.<\/span>[\/vc_column_text][vc_empty_space height=&#8221;50px&#8221;][\/vc_column_inner][vc_column_inner width=&#8221;1\/12&#8243;][\/vc_column_inner][\/vc_row_inner][\/vc_column][\/vc_row]<\/p>\n<\/div>","protected":false},"excerpt":{"rendered":"<p>[vc_row css_animation=&#8221;&#8221; row_type=&#8221;row&#8221; use_row_as_full_screen_section=&#8221;no&#8221; type=&#8221;full_width&#8221; angled_section=&#8221;no&#8221; text_align=&#8221;left&#8221; background_image_as_pattern=&#8221;without_pattern&#8221; css=&#8221;.vc_custom_1672405423717{margin-top: -100px !important;background: #697d78 url(https:\/\/abbisuites.com\/wp-content\/uploads\/2022\/12\/fondo-1.png?id=391) !important;background-position: 0 0 !important;background-repeat: no-repeat !important;}&#8221; z_index=&#8221;&#8221; el_class=&#8221;columnaFondo&#8221;][vc_column width=&#8221;1\/2&#8243; css=&#8221;.vc_custom_1673519509740{padding-top: 500px !important;padding-bottom: 500px !important;background-image: url(https:\/\/abbisuites.com\/wp-content\/uploads\/2023\/01\/Hotel-Casco-Antiguo.jpg?id=806) !important;background-position: center !important;background-repeat: no-repeat !important;background-size: cover !important;}&#8221;][\/vc_column][vc_column width=&#8221;1\/2&#8243;][vc_row_inner row_type=&#8221;row&#8221; type=&#8221;full_width&#8221; text_align=&#8221;left&#8221; css_animation=&#8221;&#8221; el_class=&#8221;fullwidthmovil&#8221;][vc_column_inner width=&#8221;1\/12&#8243;][\/vc_column_inner][vc_column_inner width=&#8221;10\/12&#8243;][vc_empty_space height=&#8221;50px&#8221;][vc_column_text] Entre&#8230;<\/p>\n","protected":false},"author":1,"featured_media":0,"parent":1472,"menu_order":0,"comment_status":"closed","ping_status":"closed","template":"full_width.php","meta":{"inline_featured_image":false,"footnotes":""},"class_list":["post-1429","page","type-page","status-publish","hentry"],"yoast_head":"<!-- This site is optimized with the Yoast SEO plugin v26.9 - https:\/\/yoast.com\/product\/yoast-seo-wordpress\/ -->\n<title>Barri antic - ABBI Suites<\/title>\n<meta name=\"robots\" content=\"index, follow, max-snippet:-1, max-image-preview:large, max-video-preview:-1\" \/>\n<link rel=\"canonical\" href=\"https:\/\/abbisuites.com\/va\/experiencies\/barri-antic\/\" \/>\n<meta property=\"og:locale\" content=\"en_US\" \/>\n<meta property=\"og:type\" content=\"article\" \/>\n<meta property=\"og:title\" content=\"Barri antic - ABBI Suites\" \/>\n<meta property=\"og:description\" content=\"[vc_row css_animation=&#8221;&#8221; row_type=&#8221;row&#8221; use_row_as_full_screen_section=&#8221;no&#8221; type=&#8221;full_width&#8221; angled_section=&#8221;no&#8221; text_align=&#8221;left&#8221; background_image_as_pattern=&#8221;without_pattern&#8221; css=&#8221;.vc_custom_1672405423717{margin-top: -100px !important;background: #697d78 url(https:\/\/abbisuites.com\/wp-content\/uploads\/2022\/12\/fondo-1.png?id=391) !important;background-position: 0 0 !important;background-repeat: no-repeat !important;}&#8221; z_index=&#8221;&#8221; el_class=&#8221;columnaFondo&#8221;][vc_column width=&#8221;1\/2&#8243; css=&#8221;.vc_custom_1673519509740{padding-top: 500px !important;padding-bottom: 500px !important;background-image: url(https:\/\/abbisuites.com\/wp-content\/uploads\/2023\/01\/Hotel-Casco-Antiguo.jpg?id=806) !important;background-position: center !important;background-repeat: no-repeat !important;background-size: cover !important;}&#8221;][\/vc_column][vc_column width=&#8221;1\/2&#8243;][vc_row_inner row_type=&#8221;row&#8221; type=&#8221;full_width&#8221; text_align=&#8221;left&#8221; css_animation=&#8221;&#8221; el_class=&#8221;fullwidthmovil&#8221;][vc_column_inner width=&#8221;1\/12&#8243;][\/vc_column_inner][vc_column_inner width=&#8221;10\/12&#8243;][vc_empty_space height=&#8221;50px&#8221;][vc_column_text] Entre...\" \/>\n<meta property=\"og:url\" content=\"https:\/\/abbisuites.com\/va\/experiencies\/barri-antic\/\" \/>\n<meta property=\"og:site_name\" content=\"ABBI Suites\" \/>\n<meta property=\"article:publisher\" content=\"https:\/\/www.facebook.com\/people\/ABBI-SUITES\/100087783201756\/\" \/>\n<meta property=\"article:modified_time\" content=\"2023-10-05T12:11:45+00:00\" \/>\n<meta name=\"twitter:card\" content=\"summary_large_image\" \/>\n<meta name=\"twitter:label1\" content=\"Est. reading time\" \/>\n\t<meta name=\"twitter:data1\" content=\"2 minutes\" \/>\n<script type=\"application\/ld+json\" class=\"yoast-schema-graph\">{\"@context\":\"https:\/\/schema.org\",\"@graph\":[{\"@type\":\"WebPage\",\"@id\":\"https:\/\/abbisuites.com\/va\/experiencies\/barri-antic\/\",\"url\":\"https:\/\/abbisuites.com\/va\/experiencies\/barri-antic\/\",\"name\":\"Barri antic - ABBI Suites\",\"isPartOf\":{\"@id\":\"https:\/\/abbisuites.com\/#website\"},\"datePublished\":\"2022-09-20T10:32:12+00:00\",\"dateModified\":\"2023-10-05T12:11:45+00:00\",\"breadcrumb\":{\"@id\":\"https:\/\/abbisuites.com\/va\/experiencies\/barri-antic\/#breadcrumb\"},\"inLanguage\":\"valenciano\",\"potentialAction\":[{\"@type\":\"ReadAction\",\"target\":[\"https:\/\/abbisuites.com\/va\/experiencies\/barri-antic\/\"]}]},{\"@type\":\"BreadcrumbList\",\"@id\":\"https:\/\/abbisuites.com\/va\/experiencies\/barri-antic\/#breadcrumb\",\"itemListElement\":[{\"@type\":\"ListItem\",\"position\":1,\"name\":\"Portada\",\"item\":\"https:\/\/abbisuites.com\/va\/abbi-suites\/\"},{\"@type\":\"ListItem\",\"position\":2,\"name\":\"Experiencies\",\"item\":\"https:\/\/abbisuites.com\/experiencies\/\"},{\"@type\":\"ListItem\",\"position\":3,\"name\":\"Barri antic\"}]},{\"@type\":\"WebSite\",\"@id\":\"https:\/\/abbisuites.com\/#website\",\"url\":\"https:\/\/abbisuites.com\/\",\"name\":\"ABBI Suites\",\"description\":\"\",\"publisher\":{\"@id\":\"https:\/\/abbisuites.com\/#organization\"},\"potentialAction\":[{\"@type\":\"SearchAction\",\"target\":{\"@type\":\"EntryPoint\",\"urlTemplate\":\"https:\/\/abbisuites.com\/?s={search_term_string}\"},\"query-input\":{\"@type\":\"PropertyValueSpecification\",\"valueRequired\":true,\"valueName\":\"search_term_string\"}}],\"inLanguage\":\"valenciano\"},{\"@type\":\"Organization\",\"@id\":\"https:\/\/abbisuites.com\/#organization\",\"name\":\"ABBI Suites\",\"url\":\"https:\/\/abbisuites.com\/\",\"logo\":{\"@type\":\"ImageObject\",\"inLanguage\":\"valenciano\",\"@id\":\"https:\/\/abbisuites.com\/#\/schema\/logo\/image\/\",\"url\":\"https:\/\/abbisuites.com\/wp-content\/uploads\/2023\/01\/LogoAbbi.svg\",\"contentUrl\":\"https:\/\/abbisuites.com\/wp-content\/uploads\/2023\/01\/LogoAbbi.svg\",\"width\":1,\"height\":1,\"caption\":\"ABBI Suites\"},\"image\":{\"@id\":\"https:\/\/abbisuites.com\/#\/schema\/logo\/image\/\"},\"sameAs\":[\"https:\/\/www.facebook.com\/people\/ABBI-SUITES\/100087783201756\/\",\"https:\/\/www.instagram.com\/abbisuites\/\"]}]}<\/script>\n<!-- \/ Yoast SEO plugin. -->","yoast_head_json":{"title":"Barri antic - ABBI Suites","robots":{"index":"index","follow":"follow","max-snippet":"max-snippet:-1","max-image-preview":"max-image-preview:large","max-video-preview":"max-video-preview:-1"},"canonical":"https:\/\/abbisuites.com\/va\/experiencies\/barri-antic\/","og_locale":"en_US","og_type":"article","og_title":"Barri antic - ABBI Suites","og_description":"[vc_row css_animation=&#8221;&#8221; row_type=&#8221;row&#8221; use_row_as_full_screen_section=&#8221;no&#8221; type=&#8221;full_width&#8221; angled_section=&#8221;no&#8221; text_align=&#8221;left&#8221; background_image_as_pattern=&#8221;without_pattern&#8221; css=&#8221;.vc_custom_1672405423717{margin-top: -100px !important;background: #697d78 url(https:\/\/abbisuites.com\/wp-content\/uploads\/2022\/12\/fondo-1.png?id=391) !important;background-position: 0 0 !important;background-repeat: no-repeat !important;}&#8221; z_index=&#8221;&#8221; el_class=&#8221;columnaFondo&#8221;][vc_column width=&#8221;1\/2&#8243; css=&#8221;.vc_custom_1673519509740{padding-top: 500px !important;padding-bottom: 500px !important;background-image: url(https:\/\/abbisuites.com\/wp-content\/uploads\/2023\/01\/Hotel-Casco-Antiguo.jpg?id=806) !important;background-position: center !important;background-repeat: no-repeat !important;background-size: cover !important;}&#8221;][\/vc_column][vc_column width=&#8221;1\/2&#8243;][vc_row_inner row_type=&#8221;row&#8221; type=&#8221;full_width&#8221; text_align=&#8221;left&#8221; css_animation=&#8221;&#8221; el_class=&#8221;fullwidthmovil&#8221;][vc_column_inner width=&#8221;1\/12&#8243;][\/vc_column_inner][vc_column_inner width=&#8221;10\/12&#8243;][vc_empty_space height=&#8221;50px&#8221;][vc_column_text] Entre...","og_url":"https:\/\/abbisuites.com\/va\/experiencies\/barri-antic\/","og_site_name":"ABBI Suites","article_publisher":"https:\/\/www.facebook.com\/people\/ABBI-SUITES\/100087783201756\/","article_modified_time":"2023-10-05T12:11:45+00:00","twitter_card":"summary_large_image","twitter_misc":{"Est. reading time":"2 minutes"},"schema":{"@context":"https:\/\/schema.org","@graph":[{"@type":"WebPage","@id":"https:\/\/abbisuites.com\/va\/experiencies\/barri-antic\/","url":"https:\/\/abbisuites.com\/va\/experiencies\/barri-antic\/","name":"Barri antic - ABBI Suites","isPartOf":{"@id":"https:\/\/abbisuites.com\/#website"},"datePublished":"2022-09-20T10:32:12+00:00","dateModified":"2023-10-05T12:11:45+00:00","breadcrumb":{"@id":"https:\/\/abbisuites.com\/va\/experiencies\/barri-antic\/#breadcrumb"},"inLanguage":"valenciano","potentialAction":[{"@type":"ReadAction","target":["https:\/\/abbisuites.com\/va\/experiencies\/barri-antic\/"]}]},{"@type":"BreadcrumbList","@id":"https:\/\/abbisuites.com\/va\/experiencies\/barri-antic\/#breadcrumb","itemListElement":[{"@type":"ListItem","position":1,"name":"Portada","item":"https:\/\/abbisuites.com\/va\/abbi-suites\/"},{"@type":"ListItem","position":2,"name":"Experiencies","item":"https:\/\/abbisuites.com\/experiencies\/"},{"@type":"ListItem","position":3,"name":"Barri antic"}]},{"@type":"WebSite","@id":"https:\/\/abbisuites.com\/#website","url":"https:\/\/abbisuites.com\/","name":"ABBI Suites","description":"","publisher":{"@id":"https:\/\/abbisuites.com\/#organization"},"potentialAction":[{"@type":"SearchAction","target":{"@type":"EntryPoint","urlTemplate":"https:\/\/abbisuites.com\/?s={search_term_string}"},"query-input":{"@type":"PropertyValueSpecification","valueRequired":true,"valueName":"search_term_string"}}],"inLanguage":"valenciano"},{"@type":"Organization","@id":"https:\/\/abbisuites.com\/#organization","name":"ABBI Suites","url":"https:\/\/abbisuites.com\/","logo":{"@type":"ImageObject","inLanguage":"valenciano","@id":"https:\/\/abbisuites.com\/#\/schema\/logo\/image\/","url":"https:\/\/abbisuites.com\/wp-content\/uploads\/2023\/01\/LogoAbbi.svg","contentUrl":"https:\/\/abbisuites.com\/wp-content\/uploads\/2023\/01\/LogoAbbi.svg","width":1,"height":1,"caption":"ABBI Suites"},"image":{"@id":"https:\/\/abbisuites.com\/#\/schema\/logo\/image\/"},"sameAs":["https:\/\/www.facebook.com\/people\/ABBI-SUITES\/100087783201756\/","https:\/\/www.instagram.com\/abbisuites\/"]}]}},"_links":{"self":[{"href":"https:\/\/abbisuites.com\/va\/wp-json\/wp\/v2\/pages\/1429","targetHints":{"allow":["GET"]}}],"collection":[{"href":"https:\/\/abbisuites.com\/va\/wp-json\/wp\/v2\/pages"}],"about":[{"href":"https:\/\/abbisuites.com\/va\/wp-json\/wp\/v2\/types\/page"}],"author":[{"embeddable":true,"href":"https:\/\/abbisuites.com\/va\/wp-json\/wp\/v2\/users\/1"}],"replies":[{"embeddable":true,"href":"https:\/\/abbisuites.com\/va\/wp-json\/wp\/v2\/comments?post=1429"}],"version-history":[{"count":6,"href":"https:\/\/abbisuites.com\/va\/wp-json\/wp\/v2\/pages\/1429\/revisions"}],"predecessor-version":[{"id":1783,"href":"https:\/\/abbisuites.com\/va\/wp-json\/wp\/v2\/pages\/1429\/revisions\/1783"}],"up":[{"embeddable":true,"href":"https:\/\/abbisuites.com\/va\/wp-json\/wp\/v2\/pages\/1472"}],"wp:attachment":[{"href":"https:\/\/abbisuites.com\/va\/wp-json\/wp\/v2\/media?parent=1429"}],"curies":[{"name":"wp","href":"https:\/\/api.w.org\/{rel}","templated":true}]}}