{"id":1475,"date":"2023-01-10T10:50:02","date_gmt":"2023-01-10T10:50:02","guid":{"rendered":"https:\/\/abbisuites.com\/politica-de-cookies\/"},"modified":"2023-06-27T14:01:18","modified_gmt":"2023-06-27T14:01:18","slug":"politica-de-cookies","status":"publish","type":"page","link":"https:\/\/abbisuites.com\/va\/politica-de-cookies\/","title":{"rendered":"Pol\u00edtica de cookies"},"content":{"rendered":"<div class=\"wpb-content-wrapper\"><p>[vc_row css_animation=&#8221;&#8221; row_type=&#8221;row&#8221; use_row_as_full_screen_section=&#8221;no&#8221; type=&#8221;grid&#8221; angled_section=&#8221;no&#8221; text_align=&#8221;left&#8221; background_image_as_pattern=&#8221;without_pattern&#8221; css=&#8221;.vc_custom_1673343984631{margin-top: -100px !important;background-color: #f8f1e3 !important;}&#8221; z_index=&#8221;&#8221;][vc_column][vc_row_inner row_type=&#8221;row&#8221; type=&#8221;full_width&#8221; text_align=&#8221;left&#8221; css_animation=&#8221;&#8221;][vc_column_inner offset=&#8221;vc_hidden-sm vc_hidden-xs&#8221;][vc_empty_space][\/vc_column_inner][\/vc_row_inner][vc_row_inner row_type=&#8221;row&#8221; type=&#8221;full_width&#8221; text_align=&#8221;left&#8221; css_animation=&#8221;&#8221;][vc_column_inner offset=&#8221;vc_hidden-lg vc_hidden-md&#8221;][vc_empty_space height=&#8221;150px&#8221;][\/vc_column_inner][\/vc_row_inner][\/vc_column][\/vc_row][vc_row css_animation=&#8221;&#8221; row_type=&#8221;row&#8221; use_row_as_full_screen_section=&#8221;no&#8221; type=&#8221;grid&#8221; angled_section=&#8221;no&#8221; text_align=&#8221;left&#8221; background_image_as_pattern=&#8221;without_pattern&#8221; css=&#8221;.vc_custom_1673343984631{margin-top: -100px !important;background-color: #f8f1e3 !important;}&#8221; z_index=&#8221;&#8221;][vc_column][vc_row_inner row_type=&#8221;row&#8221; type=&#8221;full_width&#8221; text_align=&#8221;left&#8221; css_animation=&#8221;&#8221;][vc_column_inner][vc_column_text]L&#8217;acc\u00e9s a aquest Lloc Web pot implicar la utilitzaci\u00f3 de galetes. Les galetes s\u00f3n xicotetes quantitats d&#8217;informaci\u00f3 que s&#8217;emmagatzemen al navegador utilitzat per cada Usuari \u2013als diferents dispositius que puga utilitzar per navegar\u2013 perqu\u00e8 el servidor recorde certa informaci\u00f3 que posteriorment i \u00fanicament el servidor que la va a implementar llegir\u00e0.<\/p>\n<p>Les galetes faciliten la navegaci\u00f3, la fan m\u00e9s amigable, i no fan malb\u00e9 el dispositiu de navegaci\u00f3. Les cookies s\u00f3n procediments autom\u00e0tics de recollida d&#8217;informaci\u00f3 relativa a les prefer\u00e8ncies determinades per l&#8217;Usuari durant la visita al Lloc Web per tal de recon\u00e8ixer-lo com a Usuari, i personalitzar la seua experi\u00e8ncia i l&#8217;\u00fas del Lloc Web, i tamb\u00e9 poden, per exemple, ajudar a identificar i resoldre errors.<\/p>\n<p>La informaci\u00f3 recollida a trav\u00e9s de les galetes pot incloure la data i hora de visites al Lloc Web, les p\u00e0gines visionades, el temps que ha estat al Lloc Web i els llocs visitats just abans i despr\u00e9s. Tot i aix\u00f2, cap galeta permet que es puga contactar amb el n\u00famero de tel\u00e8fon de l&#8217;Usuari o amb qualsevol altre mitj\u00e0 de contacte personal Cap galeta no pot extreure informaci\u00f3 del disc dur de l&#8217;Usuari o robar informaci\u00f3 personal. L&#8217;\u00fanica manera que la informaci\u00f3 privada de l&#8217;Usuari forme part del fitxer Cookie \u00e9s que l&#8217;usuari done personalment aquesta informaci\u00f3 al servidor.<\/p>\n<p>Les galetes que permeten identificar una persona es consideren dades personals. Per tant, els ser\u00e0 aplicable la Pol\u00edtica de Privadesa anteriorment descrita. En aquest sentit, per utilitzar-les ser\u00e0 necessari el consentiment de l&#8217;Usuari. Aquest consentiment ser\u00e0 comunicat, en base a una elecci\u00f3 aut\u00e8ntica, oferit mitjan\u00e7ant una decisi\u00f3 afirmativa i positiva, abans del tractament inicial, removible i documentat.<\/p>\n<h2>Cookies pr\u00f2pies<\/h2>\n<p>S\u00f3n aquelles galetes que s\u00f3n enviades a l&#8217;ordinador o dispositiu de l&#8217;Usuari i gestionades exclusivament per ABBI SUITES per al millor funcionament del Lloc Web. La informaci\u00f3 que es recull s&#8217;empra per millorar la qualitat del Lloc Web i el seu Contingut i la seua experi\u00e8ncia com a Usuari. Aquestes cookies permeten recon\u00e8ixer l&#8217;Usuari com a visitant recurrent del Lloc Web i adaptar el contingut per oferir continguts que s&#8217;ajusten a les seues prefer\u00e8ncies.<\/p>\n<h2>Galetes de xarxes socials<\/h2>\n<p>ABBI SUITES incorpora plugins de xarxes socials, que permeten accedir-hi a partir del Lloc Web. Per aquesta ra\u00f3, les galetes de xarxes socials es poden emmagatzemar al navegador de l&#8217;Usuari. Els titulars de les xarxes socials esmentades disposen de les seues pr\u00f2pies pol\u00edtiques de protecci\u00f3 de dades i de cookies, i s\u00f3n aquests titulars, en cada cas, responsables dels seus propis fitxers i de les seues pr\u00f2pies pr\u00e0ctiques de privadesa. L&#8217;Usuari ha de referir-s&#8217;hi per informar-se sobre aquestes galetes i, si escau, del tractament de les seues dades personals. \u00danicament a t\u00edtol informatiu s&#8217;indiquen a continuaci\u00f3 els enlla\u00e7os en qu\u00e8 es poden consultar aquestes pol\u00edtiques de privadesa i\/o de cookies:<\/p>\n<ul>\n<li>Facebook: https:\/\/www.facebook.com\/policies\/cookies\/<\/li>\n<li>Twitter: https:\/\/twitter.com\/es\/privacy<\/li>\n<li>Instagram: https:\/\/help.instagram.com\/1896641480634370?ref=ig<\/li>\n<li>YouTube: https:\/\/policies.google.com\/privacy?hl=es-419&amp;gl=mx<\/li>\n<li>Pinterest: https:\/\/policy.pinterest.com\/es\/privacy-policy<\/li>\n<li>LinkedIn: https:\/\/www.linkedin.com\/legal\/cookie-policy?trk=hp-cookies<\/li>\n<\/ul>\n<h2 style=\"margin-top: 20px;\">Deshabilitar, rebutjar i eliminar cookies<\/h2>\n<p>L&#8217;Usuari pot deshabilitar, rebutjar i eliminar les cookies \u2014totalment o parcialment\u2014 instal\u00b7lades al dispositiu mitjan\u00e7ant la configuraci\u00f3 del vostre navegador (entre els quals es troben, per exemple, Chrome, Firefox, Safari, Explorer). En aquest sentit, els procediments per rebutjar i eliminar les galetes poden diferir d&#8217;un navegador d&#8217;Internet a un altre. En conseq\u00fc\u00e8ncia, l&#8217;Usuari ha d&#8217;acudir a les instruccions facilitades pel navegador d&#8217;Internet que utilitze. En cas que rebutge l&#8217;\u00fas de cookies \u2014totalment o parcialment\u2014 podr\u00e0 continuar usant el Lloc Web, si b\u00e9 podr\u00e0 tenir limitada la utilitzaci\u00f3 d&#8217;algunes de les seues prestacions.<\/p>\n<p>Aquest document de Pol\u00edtica de Cookies ha estat creat mitjan\u00e7ant el generador de plantilla web gratu\u00efta de pol\u00edtica de cookies online el dia 09\/01\/2023.[\/vc_column_text][\/vc_column_inner][\/vc_row_inner][\/vc_column][\/vc_row][vc_row css_animation=&#8221;&#8221; row_type=&#8221;row&#8221; use_row_as_full_screen_section=&#8221;no&#8221; type=&#8221;full_width&#8221; angled_section=&#8221;no&#8221; text_align=&#8221;left&#8221; background_image_as_pattern=&#8221;without_pattern&#8221;][vc_column][vc_row_inner row_type=&#8221;row&#8221; type=&#8221;full_width&#8221; text_align=&#8221;left&#8221; css_animation=&#8221;&#8221;][vc_column_inner offset=&#8221;vc_hidden-sm vc_hidden-xs&#8221;][vc_empty_space height=&#8221;50px&#8221;][\/vc_column_inner][\/vc_row_inner][\/vc_column][\/vc_row]<\/p>\n<\/div>","protected":false},"excerpt":{"rendered":"<p>[vc_row css_animation=&#8221;&#8221; row_type=&#8221;row&#8221; use_row_as_full_screen_section=&#8221;no&#8221; type=&#8221;grid&#8221; angled_section=&#8221;no&#8221; text_align=&#8221;left&#8221; background_image_as_pattern=&#8221;without_pattern&#8221; css=&#8221;.vc_custom_1673343984631{margin-top: -100px !important;background-color: #f8f1e3 !important;}&#8221; z_index=&#8221;&#8221;][vc_column][vc_row_inner row_type=&#8221;row&#8221; type=&#8221;full_width&#8221; text_align=&#8221;left&#8221; css_animation=&#8221;&#8221;][vc_column_inner offset=&#8221;vc_hidden-sm vc_hidden-xs&#8221;][vc_empty_space][\/vc_column_inner][\/vc_row_inner][vc_row_inner row_type=&#8221;row&#8221; type=&#8221;full_width&#8221; text_align=&#8221;left&#8221; css_animation=&#8221;&#8221;][vc_column_inner offset=&#8221;vc_hidden-lg vc_hidden-md&#8221;][vc_empty_space height=&#8221;150px&#8221;][\/vc_column_inner][\/vc_row_inner][\/vc_column][\/vc_row][vc_row css_animation=&#8221;&#8221; row_type=&#8221;row&#8221; use_row_as_full_screen_section=&#8221;no&#8221; type=&#8221;grid&#8221; angled_section=&#8221;no&#8221; text_align=&#8221;left&#8221; background_image_as_pattern=&#8221;without_pattern&#8221; css=&#8221;.vc_custom_1673343984631{margin-top: -100px !important;background-color: #f8f1e3 !important;}&#8221; z_index=&#8221;&#8221;][vc_column][vc_row_inner row_type=&#8221;row&#8221; type=&#8221;full_width&#8221; text_align=&#8221;left&#8221; css_animation=&#8221;&#8221;][vc_column_inner][vc_column_text]L&#8217;acc\u00e9s a&#8230;<\/p>\n","protected":false},"author":4,"featured_media":0,"parent":0,"menu_order":0,"comment_status":"closed","ping_status":"closed","template":"","meta":{"inline_featured_image":false,"footnotes":""},"class_list":["post-1475","page","type-page","status-publish","hentry"],"yoast_head":"<!-- This site is optimized with the Yoast SEO plugin v26.9 - https:\/\/yoast.com\/product\/yoast-seo-wordpress\/ -->\n<title>Pol\u00edtica de cookies - ABBI Suites<\/title>\n<meta name=\"robots\" content=\"index, follow, max-snippet:-1, max-image-preview:large, max-video-preview:-1\" \/>\n<link rel=\"canonical\" href=\"https:\/\/abbisuites.com\/va\/politica-de-cookies\/\" \/>\n<meta property=\"og:locale\" content=\"en_US\" \/>\n<meta property=\"og:type\" content=\"article\" \/>\n<meta property=\"og:title\" content=\"Pol\u00edtica de cookies - ABBI Suites\" \/>\n<meta property=\"og:description\" content=\"[vc_row css_animation=&#8221;&#8221; row_type=&#8221;row&#8221; use_row_as_full_screen_section=&#8221;no&#8221; type=&#8221;grid&#8221; angled_section=&#8221;no&#8221; text_align=&#8221;left&#8221; background_image_as_pattern=&#8221;without_pattern&#8221; css=&#8221;.vc_custom_1673343984631{margin-top: -100px !important;background-color: #f8f1e3 !important;}&#8221; z_index=&#8221;&#8221;][vc_column][vc_row_inner row_type=&#8221;row&#8221; type=&#8221;full_width&#8221; text_align=&#8221;left&#8221; css_animation=&#8221;&#8221;][vc_column_inner offset=&#8221;vc_hidden-sm vc_hidden-xs&#8221;][vc_empty_space][\/vc_column_inner][\/vc_row_inner][vc_row_inner row_type=&#8221;row&#8221; type=&#8221;full_width&#8221; text_align=&#8221;left&#8221; css_animation=&#8221;&#8221;][vc_column_inner offset=&#8221;vc_hidden-lg vc_hidden-md&#8221;][vc_empty_space height=&#8221;150px&#8221;][\/vc_column_inner][\/vc_row_inner][\/vc_column][\/vc_row][vc_row css_animation=&#8221;&#8221; row_type=&#8221;row&#8221; use_row_as_full_screen_section=&#8221;no&#8221; type=&#8221;grid&#8221; angled_section=&#8221;no&#8221; text_align=&#8221;left&#8221; background_image_as_pattern=&#8221;without_pattern&#8221; css=&#8221;.vc_custom_1673343984631{margin-top: -100px !important;background-color: #f8f1e3 !important;}&#8221; z_index=&#8221;&#8221;][vc_column][vc_row_inner row_type=&#8221;row&#8221; type=&#8221;full_width&#8221; text_align=&#8221;left&#8221; css_animation=&#8221;&#8221;][vc_column_inner][vc_column_text]L&#8217;acc\u00e9s a...\" \/>\n<meta property=\"og:url\" content=\"https:\/\/abbisuites.com\/va\/politica-de-cookies\/\" \/>\n<meta property=\"og:site_name\" content=\"ABBI Suites\" \/>\n<meta property=\"article:publisher\" content=\"https:\/\/www.facebook.com\/people\/ABBI-SUITES\/100087783201756\/\" \/>\n<meta property=\"article:modified_time\" content=\"2023-06-27T14:01:18+00:00\" \/>\n<meta name=\"twitter:card\" content=\"summary_large_image\" \/>\n<meta name=\"twitter:label1\" content=\"Est. reading time\" \/>\n\t<meta name=\"twitter:data1\" content=\"5 minutes\" \/>\n<script type=\"application\/ld+json\" class=\"yoast-schema-graph\">{\"@context\":\"https:\/\/schema.org\",\"@graph\":[{\"@type\":\"WebPage\",\"@id\":\"https:\/\/abbisuites.com\/va\/politica-de-cookies\/\",\"url\":\"https:\/\/abbisuites.com\/va\/politica-de-cookies\/\",\"name\":\"Pol\u00edtica de cookies - ABBI Suites\",\"isPartOf\":{\"@id\":\"https:\/\/abbisuites.com\/#website\"},\"datePublished\":\"2023-01-10T10:50:02+00:00\",\"dateModified\":\"2023-06-27T14:01:18+00:00\",\"breadcrumb\":{\"@id\":\"https:\/\/abbisuites.com\/va\/politica-de-cookies\/#breadcrumb\"},\"inLanguage\":\"valenciano\",\"potentialAction\":[{\"@type\":\"ReadAction\",\"target\":[\"https:\/\/abbisuites.com\/va\/politica-de-cookies\/\"]}]},{\"@type\":\"BreadcrumbList\",\"@id\":\"https:\/\/abbisuites.com\/va\/politica-de-cookies\/#breadcrumb\",\"itemListElement\":[{\"@type\":\"ListItem\",\"position\":1,\"name\":\"Portada\",\"item\":\"https:\/\/abbisuites.com\/va\/abbi-suites\/\"},{\"@type\":\"ListItem\",\"position\":2,\"name\":\"Pol\u00edtica de cookies\"}]},{\"@type\":\"WebSite\",\"@id\":\"https:\/\/abbisuites.com\/#website\",\"url\":\"https:\/\/abbisuites.com\/\",\"name\":\"ABBI Suites\",\"description\":\"\",\"publisher\":{\"@id\":\"https:\/\/abbisuites.com\/#organization\"},\"potentialAction\":[{\"@type\":\"SearchAction\",\"target\":{\"@type\":\"EntryPoint\",\"urlTemplate\":\"https:\/\/abbisuites.com\/?s={search_term_string}\"},\"query-input\":{\"@type\":\"PropertyValueSpecification\",\"valueRequired\":true,\"valueName\":\"search_term_string\"}}],\"inLanguage\":\"valenciano\"},{\"@type\":\"Organization\",\"@id\":\"https:\/\/abbisuites.com\/#organization\",\"name\":\"ABBI Suites\",\"url\":\"https:\/\/abbisuites.com\/\",\"logo\":{\"@type\":\"ImageObject\",\"inLanguage\":\"valenciano\",\"@id\":\"https:\/\/abbisuites.com\/#\/schema\/logo\/image\/\",\"url\":\"https:\/\/abbisuites.com\/wp-content\/uploads\/2023\/01\/LogoAbbi.svg\",\"contentUrl\":\"https:\/\/abbisuites.com\/wp-content\/uploads\/2023\/01\/LogoAbbi.svg\",\"width\":1,\"height\":1,\"caption\":\"ABBI Suites\"},\"image\":{\"@id\":\"https:\/\/abbisuites.com\/#\/schema\/logo\/image\/\"},\"sameAs\":[\"https:\/\/www.facebook.com\/people\/ABBI-SUITES\/100087783201756\/\",\"https:\/\/www.instagram.com\/abbisuites\/\"]}]}<\/script>\n<!-- \/ Yoast SEO plugin. -->","yoast_head_json":{"title":"Pol\u00edtica de cookies - ABBI Suites","robots":{"index":"index","follow":"follow","max-snippet":"max-snippet:-1","max-image-preview":"max-image-preview:large","max-video-preview":"max-video-preview:-1"},"canonical":"https:\/\/abbisuites.com\/va\/politica-de-cookies\/","og_locale":"en_US","og_type":"article","og_title":"Pol\u00edtica de cookies - ABBI Suites","og_description":"[vc_row css_animation=&#8221;&#8221; row_type=&#8221;row&#8221; use_row_as_full_screen_section=&#8221;no&#8221; type=&#8221;grid&#8221; angled_section=&#8221;no&#8221; text_align=&#8221;left&#8221; background_image_as_pattern=&#8221;without_pattern&#8221; css=&#8221;.vc_custom_1673343984631{margin-top: -100px !important;background-color: #f8f1e3 !important;}&#8221; z_index=&#8221;&#8221;][vc_column][vc_row_inner row_type=&#8221;row&#8221; type=&#8221;full_width&#8221; text_align=&#8221;left&#8221; css_animation=&#8221;&#8221;][vc_column_inner offset=&#8221;vc_hidden-sm vc_hidden-xs&#8221;][vc_empty_space][\/vc_column_inner][\/vc_row_inner][vc_row_inner row_type=&#8221;row&#8221; type=&#8221;full_width&#8221; text_align=&#8221;left&#8221; css_animation=&#8221;&#8221;][vc_column_inner offset=&#8221;vc_hidden-lg vc_hidden-md&#8221;][vc_empty_space height=&#8221;150px&#8221;][\/vc_column_inner][\/vc_row_inner][\/vc_column][\/vc_row][vc_row css_animation=&#8221;&#8221; row_type=&#8221;row&#8221; use_row_as_full_screen_section=&#8221;no&#8221; type=&#8221;grid&#8221; angled_section=&#8221;no&#8221; text_align=&#8221;left&#8221; background_image_as_pattern=&#8221;without_pattern&#8221; css=&#8221;.vc_custom_1673343984631{margin-top: -100px !important;background-color: #f8f1e3 !important;}&#8221; z_index=&#8221;&#8221;][vc_column][vc_row_inner row_type=&#8221;row&#8221; type=&#8221;full_width&#8221; text_align=&#8221;left&#8221; css_animation=&#8221;&#8221;][vc_column_inner][vc_column_text]L&#8217;acc\u00e9s a...","og_url":"https:\/\/abbisuites.com\/va\/politica-de-cookies\/","og_site_name":"ABBI Suites","article_publisher":"https:\/\/www.facebook.com\/people\/ABBI-SUITES\/100087783201756\/","article_modified_time":"2023-06-27T14:01:18+00:00","twitter_card":"summary_large_image","twitter_misc":{"Est. reading time":"5 minutes"},"schema":{"@context":"https:\/\/schema.org","@graph":[{"@type":"WebPage","@id":"https:\/\/abbisuites.com\/va\/politica-de-cookies\/","url":"https:\/\/abbisuites.com\/va\/politica-de-cookies\/","name":"Pol\u00edtica de cookies - ABBI Suites","isPartOf":{"@id":"https:\/\/abbisuites.com\/#website"},"datePublished":"2023-01-10T10:50:02+00:00","dateModified":"2023-06-27T14:01:18+00:00","breadcrumb":{"@id":"https:\/\/abbisuites.com\/va\/politica-de-cookies\/#breadcrumb"},"inLanguage":"valenciano","potentialAction":[{"@type":"ReadAction","target":["https:\/\/abbisuites.com\/va\/politica-de-cookies\/"]}]},{"@type":"BreadcrumbList","@id":"https:\/\/abbisuites.com\/va\/politica-de-cookies\/#breadcrumb","itemListElement":[{"@type":"ListItem","position":1,"name":"Portada","item":"https:\/\/abbisuites.com\/va\/abbi-suites\/"},{"@type":"ListItem","position":2,"name":"Pol\u00edtica de cookies"}]},{"@type":"WebSite","@id":"https:\/\/abbisuites.com\/#website","url":"https:\/\/abbisuites.com\/","name":"ABBI Suites","description":"","publisher":{"@id":"https:\/\/abbisuites.com\/#organization"},"potentialAction":[{"@type":"SearchAction","target":{"@type":"EntryPoint","urlTemplate":"https:\/\/abbisuites.com\/?s={search_term_string}"},"query-input":{"@type":"PropertyValueSpecification","valueRequired":true,"valueName":"search_term_string"}}],"inLanguage":"valenciano"},{"@type":"Organization","@id":"https:\/\/abbisuites.com\/#organization","name":"ABBI Suites","url":"https:\/\/abbisuites.com\/","logo":{"@type":"ImageObject","inLanguage":"valenciano","@id":"https:\/\/abbisuites.com\/#\/schema\/logo\/image\/","url":"https:\/\/abbisuites.com\/wp-content\/uploads\/2023\/01\/LogoAbbi.svg","contentUrl":"https:\/\/abbisuites.com\/wp-content\/uploads\/2023\/01\/LogoAbbi.svg","width":1,"height":1,"caption":"ABBI Suites"},"image":{"@id":"https:\/\/abbisuites.com\/#\/schema\/logo\/image\/"},"sameAs":["https:\/\/www.facebook.com\/people\/ABBI-SUITES\/100087783201756\/","https:\/\/www.instagram.com\/abbisuites\/"]}]}},"_links":{"self":[{"href":"https:\/\/abbisuites.com\/va\/wp-json\/wp\/v2\/pages\/1475","targetHints":{"allow":["GET"]}}],"collection":[{"href":"https:\/\/abbisuites.com\/va\/wp-json\/wp\/v2\/pages"}],"about":[{"href":"https:\/\/abbisuites.com\/va\/wp-json\/wp\/v2\/types\/page"}],"author":[{"embeddable":true,"href":"https:\/\/abbisuites.com\/va\/wp-json\/wp\/v2\/users\/4"}],"replies":[{"embeddable":true,"href":"https:\/\/abbisuites.com\/va\/wp-json\/wp\/v2\/comments?post=1475"}],"version-history":[{"count":5,"href":"https:\/\/abbisuites.com\/va\/wp-json\/wp\/v2\/pages\/1475\/revisions"}],"predecessor-version":[{"id":1532,"href":"https:\/\/abbisuites.com\/va\/wp-json\/wp\/v2\/pages\/1475\/revisions\/1532"}],"wp:attachment":[{"href":"https:\/\/abbisuites.com\/va\/wp-json\/wp\/v2\/media?parent=1475"}],"curies":[{"name":"wp","href":"https:\/\/api.w.org\/{rel}","templated":true}]}}